{"id":18705,"date":"2024-10-30T14:44:31","date_gmt":"2024-10-30T14:44:31","guid":{"rendered":"https:\/\/www.global-pps.com\/?page_id=18705"},"modified":"2025-12-09T08:36:19","modified_gmt":"2025-12-09T08:36:19","slug":"faq","status":"publish","type":"page","link":"https:\/\/www.global-pps.com\/es\/faq\/","title":{"rendered":"Preguntas y respuestas frecuentes"},"content":{"rendered":"<div data-elementor-type=\"wp-page\" data-elementor-id=\"18705\" class=\"elementor elementor-18705\" data-elementor-post-type=\"page\">\n\t\t\t\t\t\t<section class=\"ob-is-breaking-bad elementor-section elementor-top-section elementor-element elementor-element-4a97fd78 elementor-section-boxed elementor-section-height-default elementor-section-height-default\" data-id=\"4a97fd78\" data-element_type=\"section\" data-e-type=\"section\" data-settings=\"{&quot;_ob_bbad_use_it&quot;:&quot;yes&quot;,&quot;_ob_bbad_sssic_use&quot;:&quot;no&quot;,&quot;_ob_glider_is_slider&quot;:&quot;no&quot;}\">\n\t\t\t\t\t\t<div class=\"elementor-container elementor-column-gap-default\">\n\t\t\t\t\t<div class=\"elementor-column elementor-col-100 elementor-top-column elementor-element elementor-element-18e18500\" data-id=\"18e18500\" data-element_type=\"column\" data-e-type=\"column\" data-settings=\"{&quot;_ob_bbad_is_stalker&quot;:&quot;no&quot;,&quot;_ob_teleporter_use&quot;:false,&quot;_ob_column_hoveranimator&quot;:&quot;no&quot;,&quot;_ob_column_has_pseudo&quot;:&quot;no&quot;}\">\n\t\t\t<div class=\"elementor-widget-wrap elementor-element-populated\">\n\t\t\t\t\t\t<div class=\"elementor-element elementor-element-74fdddc7 ob-harakiri-inherit ob-has-background-overlay elementor-widget elementor-widget-heading\" data-id=\"74fdddc7\" data-element_type=\"widget\" data-e-type=\"widget\" data-settings=\"{&quot;_ob_use_harakiri&quot;:&quot;yes&quot;,&quot;_ob_harakiri_writing_mode&quot;:&quot;inherit&quot;,&quot;_ob_harakiri_text_clip&quot;:&quot;none&quot;,&quot;_ob_perspektive_use&quot;:&quot;no&quot;,&quot;_ob_poopart_use&quot;:&quot;yes&quot;,&quot;_ob_shadough_use&quot;:&quot;no&quot;,&quot;_ob_allow_hoveranimator&quot;:&quot;no&quot;,&quot;_ob_widget_stalker_use&quot;:&quot;no&quot;}\" data-widget_type=\"heading.default\">\n\t\t\t\t<div class=\"elementor-widget-container\">\n\t\t\t\t\t<h2 class=\"elementor-heading-title elementor-size-default\">Preguntas y respuestas frecuentes<\/h2>\t\t\t\t<\/div>\n\t\t\t\t<\/div>\n\t\t\t\t<div class=\"elementor-element elementor-element-2f63efd ob-harakiri-inherit ob-has-background-overlay elementor-widget elementor-widget-text-editor\" data-id=\"2f63efd\" data-element_type=\"widget\" data-e-type=\"widget\" data-settings=\"{&quot;_ob_use_harakiri&quot;:&quot;yes&quot;,&quot;_ob_harakiri_writing_mode&quot;:&quot;inherit&quot;,&quot;_ob_postman_use&quot;:&quot;no&quot;,&quot;_ob_perspektive_use&quot;:&quot;no&quot;,&quot;_ob_poopart_use&quot;:&quot;yes&quot;,&quot;_ob_shadough_use&quot;:&quot;no&quot;,&quot;_ob_allow_hoveranimator&quot;:&quot;no&quot;,&quot;_ob_widget_stalker_use&quot;:&quot;no&quot;}\" data-widget_type=\"text-editor.default\">\n\t\t\t\t<div class=\"elementor-widget-container\">\n\t\t\t\t\t\t\t\t\t<p>Aqu\u00ed encontrar\u00e1 un resumen de nuestras preguntas y respuestas m\u00e1s frecuentes para ayudarle con el proceso de encuesta.\u00a0<\/p>\t\t\t\t\t\t\t\t<\/div>\n\t\t\t\t<\/div>\n\t\t\t\t\t<\/div>\n\t\t<\/div>\n\t\t\t\t\t<\/div>\n\t\t<\/section>\n\t\t\t\t<section class=\"ob-is-breaking-bad elementor-section elementor-top-section elementor-element elementor-element-6c6cce9f elementor-section-boxed elementor-section-height-default elementor-section-height-default\" data-id=\"6c6cce9f\" data-element_type=\"section\" data-e-type=\"section\" data-settings=\"{&quot;background_background&quot;:&quot;classic&quot;,&quot;_ob_bbad_use_it&quot;:&quot;yes&quot;,&quot;_ob_bbad_sssic_use&quot;:&quot;no&quot;,&quot;_ob_glider_is_slider&quot;:&quot;no&quot;}\">\n\t\t\t\t\t\t<div class=\"elementor-container elementor-column-gap-default\">\n\t\t\t\t\t<div class=\"elementor-column elementor-col-100 elementor-top-column elementor-element elementor-element-50acb717\" data-id=\"50acb717\" data-element_type=\"column\" data-e-type=\"column\" data-settings=\"{&quot;background_background&quot;:&quot;classic&quot;,&quot;_ob_bbad_is_stalker&quot;:&quot;no&quot;,&quot;_ob_teleporter_use&quot;:false,&quot;_ob_column_hoveranimator&quot;:&quot;no&quot;,&quot;_ob_column_has_pseudo&quot;:&quot;no&quot;}\">\n\t\t\t<div class=\"elementor-widget-wrap elementor-element-populated\">\n\t\t\t\t\t\t<div class=\"elementor-element elementor-element-c0eda39 elementor-tabs-view-horizontal ob-has-background-overlay elementor-widget elementor-widget-tabs\" data-id=\"c0eda39\" data-element_type=\"widget\" data-e-type=\"widget\" data-settings=\"{&quot;_ob_use_tabbr&quot;:&quot;no&quot;,&quot;_ob_perspektive_use&quot;:&quot;no&quot;,&quot;_ob_poopart_use&quot;:&quot;yes&quot;,&quot;_ob_shadough_use&quot;:&quot;no&quot;,&quot;_ob_allow_hoveranimator&quot;:&quot;no&quot;,&quot;_ob_widget_stalker_use&quot;:&quot;no&quot;}\" data-widget_type=\"tabs.default\">\n\t\t\t\t<div class=\"elementor-widget-container\">\n\t\t\t\t\t\t\t<div class=\"elementor-tabs\">\n\t\t\t<div class=\"elementor-tabs-wrapper\" role=\"tablist\" >\n\t\t\t\t\t\t\t\t\t<div id=\"elementor-tab-title-2021\" class=\"elementor-tab-title elementor-tab-desktop-title\" aria-selected=\"true\" data-tab=\"1\" role=\"tab\" tabindex=\"0\" aria-controls=\"elementor-tab-content-2021\" aria-expanded=\"false\">General<\/div>\n\t\t\t\t\t\t\t\t\t<div id=\"elementor-tab-title-2022\" class=\"elementor-tab-title elementor-tab-desktop-title\" aria-selected=\"false\" data-tab=\"2\" role=\"tab\" tabindex=\"-1\" aria-controls=\"elementor-tab-content-2022\" aria-expanded=\"false\">Hospitalizaci\u00f3n<\/div>\n\t\t\t\t\t\t\t\t\t<div id=\"elementor-tab-title-2023\" class=\"elementor-tab-title elementor-tab-desktop-title\" aria-selected=\"false\" data-tab=\"3\" role=\"tab\" tabindex=\"-1\" aria-controls=\"elementor-tab-content-2023\" aria-expanded=\"false\">Consultas externas<\/div>\n\t\t\t\t\t\t\t\t\t<div id=\"elementor-tab-title-2024\" class=\"elementor-tab-title elementor-tab-desktop-title\" aria-selected=\"false\" data-tab=\"4\" role=\"tab\" tabindex=\"-1\" aria-controls=\"elementor-tab-content-2024\" aria-expanded=\"false\">Infograf\u00eda<\/div>\n\t\t\t\t\t\t\t<\/div>\n\t\t\t<div class=\"elementor-tabs-content-wrapper\" role=\"tablist\" aria-orientation=\"vertical\">\n\t\t\t\t\t\t\t\t\t<div class=\"elementor-tab-title elementor-tab-mobile-title\" aria-selected=\"true\" data-tab=\"1\" role=\"tab\" tabindex=\"0\" aria-controls=\"elementor-tab-content-2021\" aria-expanded=\"false\">General<\/div>\n\t\t\t\t\t<div id=\"elementor-tab-content-2021\" class=\"elementor-tab-content elementor-clearfix\" data-tab=\"1\" role=\"tabpanel\" aria-labelledby=\"elementor-tab-title-2021\" tabindex=\"0\" hidden=\"false\"><ul><li>Acerca de Global-PPS: \u00bfqu\u00e9 y por qu\u00e9?<\/li><li>\u00bfC\u00f3mo empezar?<\/li><li>Asistencia t\u00e9cnica y comentarios<\/li><li>Resultados y an\u00e1lisis<\/li><li>Personal de la instituci\u00f3n y pr\u00e1ctica cl\u00ednica<\/li><\/ul><p><strong>Ver las respuestas <span style=\"text-decoration: underline;\"><span style=\"color: #ffffff;\"><a style=\"color: #ffffff; text-decoration: underline;\" href=\"https:\/\/www.global-pps.com\/es\/general-questions\/\" target=\"_blank\" rel=\"noopener\">aqu\u00ed<\/a><\/span><\/span>.<\/strong><\/p><\/div>\n\t\t\t\t\t\t\t\t\t<div class=\"elementor-tab-title elementor-tab-mobile-title\" aria-selected=\"false\" data-tab=\"2\" role=\"tab\" tabindex=\"-1\" aria-controls=\"elementor-tab-content-2022\" aria-expanded=\"false\">Hospitalizaci\u00f3n<\/div>\n\t\t\t\t\t<div id=\"elementor-tab-content-2022\" class=\"elementor-tab-content elementor-clearfix\" data-tab=\"2\" role=\"tabpanel\" aria-labelledby=\"elementor-tab-title-2022\" tabindex=\"0\" hidden=\"hidden\"><ul><li>Participaci\u00f3n y criterios de inclusi\u00f3n<ul><li>Pacientes<\/li><li>Departamentos y salas<\/li><\/ul><\/li><li>Calendario y proceso de la encuesta<\/li><li>Recopilaci\u00f3n de datos<ul><li>Recogida de datos: pacientes<\/li><li>Recogida de datos: departamentos y salas<\/li><\/ul><\/li><li>Introducci\u00f3n de datos<\/li><\/ul><p><strong>Ver las respuestas <span style=\"text-decoration: underline; color: #ffffff;\"><a style=\"color: #ffffff; text-decoration: underline;\" href=\"https:\/\/www.global-pps.com\/es\/inpatient-questions\/\" target=\"_blank\" rel=\"noopener\">aqu\u00ed<\/a><\/span>.<\/strong><\/p><\/div>\n\t\t\t\t\t\t\t\t\t<div class=\"elementor-tab-title elementor-tab-mobile-title\" aria-selected=\"false\" data-tab=\"3\" role=\"tab\" tabindex=\"-1\" aria-controls=\"elementor-tab-content-2023\" aria-expanded=\"false\">Consultas externas<\/div>\n\t\t\t\t\t<div id=\"elementor-tab-content-2023\" class=\"elementor-tab-content elementor-clearfix\" data-tab=\"3\" role=\"tabpanel\" aria-labelledby=\"elementor-tab-title-2023\" tabindex=\"0\" hidden=\"hidden\"><ul><li>Participaci\u00f3n y criterios de inclusi\u00f3n<ul><li>Pacientes<\/li><li>Departamentos<\/li><\/ul><\/li><li>Calendario y proceso de la encuesta<\/li><li>Recopilaci\u00f3n de datos<\/li><li>Introducci\u00f3n de datos<\/li><\/ul><p><strong>Ver las respuestas <span style=\"text-decoration: underline;\"><span style=\"color: #ffffff;\"><a style=\"color: #ffffff; text-decoration: underline;\" href=\"https:\/\/www.global-pps.com\/es\/outpatient-questions\/\" target=\"_blank\" rel=\"noopener\">aqu\u00ed<\/a><\/span><\/span>.<\/strong><\/p><\/div>\n\t\t\t\t\t\t\t\t\t<div class=\"elementor-tab-title elementor-tab-mobile-title\" aria-selected=\"false\" data-tab=\"4\" role=\"tab\" tabindex=\"-1\" aria-controls=\"elementor-tab-content-2024\" aria-expanded=\"false\">Infograf\u00eda<\/div>\n\t\t\t\t\t<div id=\"elementor-tab-content-2024\" class=\"elementor-tab-content elementor-clearfix\" data-tab=\"4\" role=\"tabpanel\" aria-labelledby=\"elementor-tab-title-2024\" tabindex=\"0\" hidden=\"hidden\"><p><a href=\"https:\/\/www.global-pps.com\/wp-content\/uploads\/2025\/05\/GPPS-instructions-infographic.pdf\">Descargar el <span style=\"text-decoration: underline;\">Infograf\u00eda sobre las instrucciones del GPPS aqu\u00ed.<\/span><\/a><\/p><\/div>\n\t\t\t\t\t\t\t<\/div>\n\t\t<\/div>\n\t\t\t\t\t\t<\/div>\n\t\t\t\t<\/div>\n\t\t\t\t\t<\/div>\n\t\t<\/div>\n\t\t\t\t\t<\/div>\n\t\t<\/section>\n\t\t\t\t<section class=\"ob-is-breaking-bad elementor-section elementor-top-section elementor-element elementor-element-78907a3 elementor-section-boxed elementor-section-height-default elementor-section-height-default\" data-id=\"78907a3\" data-element_type=\"section\" data-e-type=\"section\" data-settings=\"{&quot;_ob_bbad_use_it&quot;:&quot;yes&quot;,&quot;_ob_bbad_sssic_use&quot;:&quot;no&quot;,&quot;_ob_glider_is_slider&quot;:&quot;no&quot;}\">\n\t\t\t\t\t\t<div class=\"elementor-container elementor-column-gap-default\">\n\t\t\t\t\t<div class=\"elementor-column elementor-col-100 elementor-top-column elementor-element elementor-element-430e474\" data-id=\"430e474\" data-element_type=\"column\" data-e-type=\"column\" data-settings=\"{&quot;_ob_bbad_is_stalker&quot;:&quot;no&quot;,&quot;_ob_teleporter_use&quot;:false,&quot;_ob_column_hoveranimator&quot;:&quot;no&quot;,&quot;_ob_column_has_pseudo&quot;:&quot;no&quot;}\">\n\t\t\t<div class=\"elementor-widget-wrap\">\n\t\t\t\t\t\t\t<\/div>\n\t\t<\/div>\n\t\t\t\t\t<\/div>\n\t\t<\/section>\n\t\t\t\t<\/div>","protected":false},"excerpt":{"rendered":"<p>Frequently asked questions &amp; answers Here you can find an overview of our most frequently asked questions &amp; answers to help you with the survey process.\u00a0 General Inpatient Outpatient Infographic General About Global-PPS: what and why? Getting started? Technical Support and Feedback Results and Analysis Institution staff and clinical practice View the answers here. Inpatient [&hellip;]<\/p>\n","protected":false},"author":7,"featured_media":0,"parent":0,"menu_order":0,"comment_status":"closed","ping_status":"closed","template":"","meta":{"ocean_post_layout":"full-screen","ocean_both_sidebars_style":"","ocean_both_sidebars_content_width":0,"ocean_both_sidebars_sidebars_width":0,"ocean_sidebar":"0","ocean_second_sidebar":"0","ocean_disable_margins":"enable","ocean_add_body_class":"","ocean_shortcode_before_top_bar":"","ocean_shortcode_after_top_bar":"","ocean_shortcode_before_header":"","ocean_shortcode_after_header":"","ocean_has_shortcode":"","ocean_shortcode_after_title":"","ocean_shortcode_before_footer_widgets":"","ocean_shortcode_after_footer_widgets":"","ocean_shortcode_before_footer_bottom":"","ocean_shortcode_after_footer_bottom":"","ocean_display_top_bar":"default","ocean_display_header":"default","ocean_header_style":"","ocean_center_header_left_menu":"0","ocean_custom_header_template":"0","ocean_custom_logo":0,"ocean_custom_retina_logo":0,"ocean_custom_logo_max_width":0,"ocean_custom_logo_tablet_max_width":0,"ocean_custom_logo_mobile_max_width":0,"ocean_custom_logo_max_height":0,"ocean_custom_logo_tablet_max_height":0,"ocean_custom_logo_mobile_max_height":0,"ocean_header_custom_menu":"0","ocean_menu_typo_font_family":"0","ocean_menu_typo_font_subset":"","ocean_menu_typo_font_size":0,"ocean_menu_typo_font_size_tablet":0,"ocean_menu_typo_font_size_mobile":0,"ocean_menu_typo_font_size_unit":"px","ocean_menu_typo_font_weight":"","ocean_menu_typo_font_weight_tablet":"","ocean_menu_typo_font_weight_mobile":"","ocean_menu_typo_transform":"","ocean_menu_typo_transform_tablet":"","ocean_menu_typo_transform_mobile":"","ocean_menu_typo_line_height":0,"ocean_menu_typo_line_height_tablet":0,"ocean_menu_typo_line_height_mobile":0,"ocean_menu_typo_line_height_unit":"","ocean_menu_typo_spacing":0,"ocean_menu_typo_spacing_tablet":0,"ocean_menu_typo_spacing_mobile":0,"ocean_menu_typo_spacing_unit":"","ocean_menu_link_color":"","ocean_menu_link_color_hover":"","ocean_menu_link_color_active":"","ocean_menu_link_background":"","ocean_menu_link_hover_background":"","ocean_menu_link_active_background":"","ocean_menu_social_links_bg":"","ocean_menu_social_hover_links_bg":"","ocean_menu_social_links_color":"","ocean_menu_social_hover_links_color":"","ocean_disable_title":"on","ocean_disable_heading":"default","ocean_post_title":"","ocean_post_subheading":"","ocean_post_title_style":"","ocean_post_title_background_color":"","ocean_post_title_background":0,"ocean_post_title_bg_image_position":"","ocean_post_title_bg_image_attachment":"","ocean_post_title_bg_image_repeat":"","ocean_post_title_bg_image_size":"","ocean_post_title_height":0,"ocean_post_title_bg_overlay":0.5,"ocean_post_title_bg_overlay_color":"","ocean_disable_breadcrumbs":"off","ocean_breadcrumbs_color":"","ocean_breadcrumbs_separator_color":"","ocean_breadcrumbs_links_color":"","ocean_breadcrumbs_links_hover_color":"","ocean_display_footer_widgets":"default","ocean_display_footer_bottom":"default","ocean_custom_footer_template":"0","footnotes":""},"class_list":["post-18705","page","type-page","status-publish","hentry","entry"],"yoast_head":"<!-- This site is optimized with the Yoast SEO plugin v27.3 - https:\/\/yoast.com\/product\/yoast-seo-wordpress\/ -->\n<title>Frequently asked questions &amp; answers - Global PPS<\/title>\n<meta name=\"robots\" content=\"index, follow, max-snippet:-1, max-image-preview:large, max-video-preview:-1\" \/>\n<link rel=\"canonical\" href=\"https:\/\/www.global-pps.com\/es\/faq\/\" \/>\n<meta property=\"og:locale\" content=\"es_ES\" \/>\n<meta property=\"og:type\" content=\"article\" \/>\n<meta property=\"og:title\" content=\"Frequently asked questions &amp; answers - Global PPS\" \/>\n<meta property=\"og:description\" content=\"Frequently asked questions &amp; answers Here you can find an overview of our most frequently asked questions &amp; answers to help you with the survey process.\u00a0 General Inpatient Outpatient Infographic General About Global-PPS: what and why? Getting started? Technical Support and Feedback Results and Analysis Institution staff and clinical practice View the answers here. Inpatient [&hellip;]\" \/>\n<meta property=\"og:url\" content=\"https:\/\/www.global-pps.com\/es\/faq\/\" \/>\n<meta property=\"og:site_name\" content=\"Global PPS\" \/>\n<meta property=\"article:modified_time\" content=\"2025-12-09T08:36:19+00:00\" \/>\n<meta name=\"twitter:card\" content=\"summary_large_image\" \/>\n<meta name=\"twitter:label1\" content=\"Tiempo de lectura\" \/>\n\t<meta name=\"twitter:data1\" content=\"1 minuto\" \/>\n<script type=\"application\/ld+json\" class=\"yoast-schema-graph\">{\"@context\":\"https:\\\/\\\/schema.org\",\"@graph\":[{\"@type\":\"WebPage\",\"@id\":\"https:\\\/\\\/www.global-pps.com\\\/faq\\\/\",\"url\":\"https:\\\/\\\/www.global-pps.com\\\/faq\\\/\",\"name\":\"Frequently asked questions &amp; answers - Global PPS\",\"isPartOf\":{\"@id\":\"https:\\\/\\\/www.global-pps.com\\\/#website\"},\"datePublished\":\"2024-10-30T14:44:31+00:00\",\"dateModified\":\"2025-12-09T08:36:19+00:00\",\"breadcrumb\":{\"@id\":\"https:\\\/\\\/www.global-pps.com\\\/faq\\\/#breadcrumb\"},\"inLanguage\":\"es\",\"potentialAction\":[{\"@type\":\"ReadAction\",\"target\":[\"https:\\\/\\\/www.global-pps.com\\\/faq\\\/\"]}]},{\"@type\":\"BreadcrumbList\",\"@id\":\"https:\\\/\\\/www.global-pps.com\\\/faq\\\/#breadcrumb\",\"itemListElement\":[{\"@type\":\"ListItem\",\"position\":1,\"name\":\"Home\",\"item\":\"https:\\\/\\\/www.global-pps.com\\\/\"},{\"@type\":\"ListItem\",\"position\":2,\"name\":\"Frequently asked questions &amp; answers\"}]},{\"@type\":\"WebSite\",\"@id\":\"https:\\\/\\\/www.global-pps.com\\\/#website\",\"url\":\"https:\\\/\\\/www.global-pps.com\\\/\",\"name\":\"Global PPS\",\"description\":\"Sharing global knowledge\",\"publisher\":{\"@id\":\"https:\\\/\\\/www.global-pps.com\\\/#organization\"},\"potentialAction\":[{\"@type\":\"SearchAction\",\"target\":{\"@type\":\"EntryPoint\",\"urlTemplate\":\"https:\\\/\\\/www.global-pps.com\\\/?s={search_term_string}\"},\"query-input\":{\"@type\":\"PropertyValueSpecification\",\"valueRequired\":true,\"valueName\":\"search_term_string\"}}],\"inLanguage\":\"es\"},{\"@type\":\"Organization\",\"@id\":\"https:\\\/\\\/www.global-pps.com\\\/#organization\",\"name\":\"Global PPS\",\"url\":\"https:\\\/\\\/www.global-pps.com\\\/\",\"logo\":{\"@type\":\"ImageObject\",\"inLanguage\":\"es\",\"@id\":\"https:\\\/\\\/www.global-pps.com\\\/#\\\/schema\\\/logo\\\/image\\\/\",\"url\":\"https:\\\/\\\/www.global-pps.com\\\/wp-content\\\/uploads\\\/2024\\\/05\\\/cropped-GPPS-10-year-logo_scaled.png\",\"contentUrl\":\"https:\\\/\\\/www.global-pps.com\\\/wp-content\\\/uploads\\\/2024\\\/05\\\/cropped-GPPS-10-year-logo_scaled.png\",\"width\":791,\"height\":771,\"caption\":\"Global PPS\"},\"image\":{\"@id\":\"https:\\\/\\\/www.global-pps.com\\\/#\\\/schema\\\/logo\\\/image\\\/\"}}]}<\/script>\n<!-- \/ Yoast SEO plugin. -->","yoast_head_json":{"title":"Preguntas frecuentes y respuestas - Global PPS","robots":{"index":"index","follow":"follow","max-snippet":"max-snippet:-1","max-image-preview":"max-image-preview:large","max-video-preview":"max-video-preview:-1"},"canonical":"https:\/\/www.global-pps.com\/es\/faq\/","og_locale":"es_ES","og_type":"article","og_title":"Frequently asked questions &amp; answers - Global PPS","og_description":"Frequently asked questions &amp; answers Here you can find an overview of our most frequently asked questions &amp; answers to help you with the survey process.\u00a0 General Inpatient Outpatient Infographic General About Global-PPS: what and why? Getting started? Technical Support and Feedback Results and Analysis Institution staff and clinical practice View the answers here. Inpatient [&hellip;]","og_url":"https:\/\/www.global-pps.com\/es\/faq\/","og_site_name":"Global PPS","article_modified_time":"2025-12-09T08:36:19+00:00","twitter_card":"summary_large_image","twitter_misc":{"Tiempo de lectura":"1 minuto"},"schema":{"@context":"https:\/\/schema.org","@graph":[{"@type":"WebPage","@id":"https:\/\/www.global-pps.com\/faq\/","url":"https:\/\/www.global-pps.com\/faq\/","name":"Preguntas frecuentes y respuestas - Global PPS","isPartOf":{"@id":"https:\/\/www.global-pps.com\/#website"},"datePublished":"2024-10-30T14:44:31+00:00","dateModified":"2025-12-09T08:36:19+00:00","breadcrumb":{"@id":"https:\/\/www.global-pps.com\/faq\/#breadcrumb"},"inLanguage":"es","potentialAction":[{"@type":"ReadAction","target":["https:\/\/www.global-pps.com\/faq\/"]}]},{"@type":"BreadcrumbList","@id":"https:\/\/www.global-pps.com\/faq\/#breadcrumb","itemListElement":[{"@type":"ListItem","position":1,"name":"Home","item":"https:\/\/www.global-pps.com\/"},{"@type":"ListItem","position":2,"name":"Frequently asked questions &amp; answers"}]},{"@type":"WebSite","@id":"https:\/\/www.global-pps.com\/#website","url":"https:\/\/www.global-pps.com\/","name":"PPS mundial","description":"Compartir el conocimiento global","publisher":{"@id":"https:\/\/www.global-pps.com\/#organization"},"potentialAction":[{"@type":"SearchAction","target":{"@type":"EntryPoint","urlTemplate":"https:\/\/www.global-pps.com\/?s={search_term_string}"},"query-input":{"@type":"PropertyValueSpecification","valueRequired":true,"valueName":"search_term_string"}}],"inLanguage":"es"},{"@type":"Organization","@id":"https:\/\/www.global-pps.com\/#organization","name":"PPS mundial","url":"https:\/\/www.global-pps.com\/","logo":{"@type":"ImageObject","inLanguage":"es","@id":"https:\/\/www.global-pps.com\/#\/schema\/logo\/image\/","url":"https:\/\/www.global-pps.com\/wp-content\/uploads\/2024\/05\/cropped-GPPS-10-year-logo_scaled.png","contentUrl":"https:\/\/www.global-pps.com\/wp-content\/uploads\/2024\/05\/cropped-GPPS-10-year-logo_scaled.png","width":791,"height":771,"caption":"Global PPS"},"image":{"@id":"https:\/\/www.global-pps.com\/#\/schema\/logo\/image\/"}}]}},"_links":{"self":[{"href":"https:\/\/www.global-pps.com\/es\/wp-json\/wp\/v2\/pages\/18705","targetHints":{"allow":["GET"]}}],"collection":[{"href":"https:\/\/www.global-pps.com\/es\/wp-json\/wp\/v2\/pages"}],"about":[{"href":"https:\/\/www.global-pps.com\/es\/wp-json\/wp\/v2\/types\/page"}],"author":[{"embeddable":true,"href":"https:\/\/www.global-pps.com\/es\/wp-json\/wp\/v2\/users\/7"}],"replies":[{"embeddable":true,"href":"https:\/\/www.global-pps.com\/es\/wp-json\/wp\/v2\/comments?post=18705"}],"version-history":[{"count":14,"href":"https:\/\/www.global-pps.com\/es\/wp-json\/wp\/v2\/pages\/18705\/revisions"}],"predecessor-version":[{"id":20351,"href":"https:\/\/www.global-pps.com\/es\/wp-json\/wp\/v2\/pages\/18705\/revisions\/20351"}],"wp:attachment":[{"href":"https:\/\/www.global-pps.com\/es\/wp-json\/wp\/v2\/media?parent=18705"}],"curies":[{"name":"wp","href":"https:\/\/api.w.org\/{rel}","templated":true}]}}